{"id":190,"date":"2021-05-20T10:08:04","date_gmt":"2021-05-20T08:08:04","guid":{"rendered":"https:\/\/www.grubertek.it\/servizi-quello-che-facciamo"},"modified":"2021-06-01T08:37:24","modified_gmt":"2021-06-01T06:37:24","slug":"leistungen-was-wir-machen","status":"publish","type":"page","link":"https:\/\/www.grubertek.it\/de\/leistungen-was-wir-machen","title":{"rendered":"LEISTUNGEN \u2013 Was wir machen \u2026"},"content":{"rendered":"<div class=\"fusion-fullwidth fullwidth-box fusion-builder-row-1 fusion-flex-container nonhundred-percent-fullwidth non-hundred-percent-height-scrolling\" style=\"background-color: rgba(255,255,255,0);background-position: center center;background-repeat: no-repeat;border-width: 0px 0px 0px 0px;border-color:#e2e2e2;border-style:solid;\" ><div class=\"fusion-builder-row fusion-row fusion-flex-align-items-flex-start\" style=\"max-width:1326px;margin-left: calc(-2% \/ 2 );margin-right: calc(-2% \/ 2 );\"><div class=\"fusion-layout-column fusion_builder_column fusion-builder-column-0 fusion_builder_column_1_1 1_1 fusion-flex-column\"><div class=\"fusion-column-wrapper fusion-flex-justify-content-flex-start fusion-content-layout-column\" style=\"background-position:left top;background-repeat:no-repeat;-webkit-background-size:cover;-moz-background-size:cover;-o-background-size:cover;background-size:cover;padding: 0px 0px 0px 0px;\"><style type=\"text\/css\">.fusion-accordian  #accordion-190-1 .panel-title a .fa-fusion-box{ color: #000000;}.fusion-accordian  #accordion-190-1 .panel-title a .fa-fusion-box:before{ font-size: 16px; width: 16px;}.fusion-accordian  #accordion-190-1 .panel-title a{font-size:20px;}.fusion-accordian  #accordion-190-1 .panel-title a:hover, #accordion-190-1 .fusion-toggle-boxed-mode:hover .panel-title a { color: #657dba;}.fusion-accordian  #accordion-190-1 .fusion-toggle-boxed-mode:hover .panel-title a .fa-fusion-box{ color: #657dba;}.fusion-accordian  #accordion-190-1.fusion-toggle-icon-unboxed .fusion-panel .panel-title a:hover .fa-fusion-box{ color: #657dba !important;}<\/style><div class=\"accordian fusion-accordian\"><div class=\"panel-group fusion-toggle-icon-unboxed\" id=\"accordion-190-1\" role=\"tablist\"><div class=\"fusion-panel panel-default\" role=\"tabpanel\"><div class=\"panel-heading\"><h4 class=\"panel-title toggle\"><a aria-expanded=\"false\" aria-selected=\"false\" aria-controls=\"dd6691759d005062d\" role=\"tab\" data-toggle=\"collapse\" data-parent=\"#accordion-190-1\" data-target=\"#dd6691759d005062d\" href=\"#dd6691759d005062d\"><span class=\"fusion-toggle-icon-wrapper\" aria-hidden=\"true\"><i class=\"fa-fusion-box\" aria-hidden=\"true\"><\/i><\/span><span class=\"fusion-toggle-heading\">PLANUNG<\/span><\/a><\/h4><\/div><div id=\"dd6691759d005062d\" class=\"panel-collapse collapse \"><div class=\"panel-body toggle-content fusion-clearfix\">\n<p>Im industriellen Umfeld bietet die GRUBERTEK GMBH ma\u00dfgeschneiderte und individuelle L\u00f6sungen f\u00fcr die Automatisierung Ihrer Anlagen. Wir planen Ihre Anlagen individuell und beraten Sie im Vorfeld bez\u00fcglich der Umsetzbarkeit.<\/p>\n<\/div><\/div><\/div><div class=\"fusion-panel panel-default\" role=\"tabpanel\"><div class=\"panel-heading\"><h4 class=\"panel-title toggle\"><a aria-expanded=\"false\" aria-selected=\"false\" aria-controls=\"0ec0d321e09565e8e\" role=\"tab\" data-toggle=\"collapse\" data-parent=\"#accordion-190-1\" data-target=\"#0ec0d321e09565e8e\" href=\"#0ec0d321e09565e8e\"><span class=\"fusion-toggle-icon-wrapper\" aria-hidden=\"true\"><i class=\"fa-fusion-box\" aria-hidden=\"true\"><\/i><\/span><span class=\"fusion-toggle-heading\">SCHALTPLAN- UND SCHALTANLAGEN<\/span><\/a><\/h4><\/div><div id=\"0ec0d321e09565e8e\" class=\"panel-collapse collapse \"><div class=\"panel-body toggle-content fusion-clearfix\">\n<p>Auf Grundlage der Planung erarbeiten wir den individuellen Schaltplan f\u00fcr Ihre Industrieanlage unter Ber\u00fccksichtigung der jeweiligen Gegebenheiten und Normen, die f\u00fcr Ihre Branche gelten. Fachfirmen unseres Vertrauens bauen und konfektionieren die Schaltanlagen, die von uns auf ihre Funktionalit\u00e4t und normgerechte Ausf\u00fchrung getestet werden.<\/p>\n<\/div><\/div><\/div><div class=\"fusion-panel panel-default\" role=\"tabpanel\"><div class=\"panel-heading\"><h4 class=\"panel-title toggle\"><a aria-expanded=\"false\" aria-selected=\"false\" aria-controls=\"413665bbf24e141f0\" role=\"tab\" data-toggle=\"collapse\" data-parent=\"#accordion-190-1\" data-target=\"#413665bbf24e141f0\" href=\"#413665bbf24e141f0\"><span class=\"fusion-toggle-icon-wrapper\" aria-hidden=\"true\"><i class=\"fa-fusion-box\" aria-hidden=\"true\"><\/i><\/span><span class=\"fusion-toggle-heading\">SPS PROGRAMMIERUNG <\/span><\/a><\/h4><\/div><div id=\"413665bbf24e141f0\" class=\"panel-collapse collapse \"><div class=\"panel-body toggle-content fusion-clearfix\">\n<p>Die Programmierung von Steuerungen von Industrieanlagen ist die Kernkompetenz der GRUBERTEK GMBH. Hierbei setzten wir hochwertige Steuerungen ein, eine Voraussetzung f\u00fcr die langj\u00e4hrige Funktionalit\u00e4t Ihrer Anlage. Je nach Einsatzbereich bieten wir Ihnen eine Vielzahl an zus\u00e4tzliche Komponenten von allen namhaften Herstellern. Unser Angebot reicht vom optoelektronischen Sensor bis zum Thermoelement und beinhaltet eine solide Auswahl an prozesstechnischen Mess- und Analyseger\u00e4ten. Letztendlich k\u00f6nnen Ihre Mitarbeiter im Arbeitsalltag die Anlage bedienen, den Produktionsverlauf beobachten und bei Bedarf in den Fertigungsprozess eingreifen, ohne sich mit der Programmierung auseinander setzen zu m\u00fcssen.<\/p>\n<\/div><\/div><\/div><div class=\"fusion-panel panel-default\" role=\"tabpanel\"><div class=\"panel-heading\"><h4 class=\"panel-title toggle\"><a aria-expanded=\"false\" aria-selected=\"false\" aria-controls=\"d682c97997669ccf5\" role=\"tab\" data-toggle=\"collapse\" data-parent=\"#accordion-190-1\" data-target=\"#d682c97997669ccf5\" href=\"#d682c97997669ccf5\"><span class=\"fusion-toggle-icon-wrapper\" aria-hidden=\"true\"><i class=\"fa-fusion-box\" aria-hidden=\"true\"><\/i><\/span><span class=\"fusion-toggle-heading\">INBETRIEBNAHME<\/span><\/a><\/h4><\/div><div id=\"d682c97997669ccf5\" class=\"panel-collapse collapse \"><div class=\"panel-body toggle-content fusion-clearfix\">\n<p>Durch unser technisches Wissen sowohl im elektronischen, elektrischen, mechanischen und verfahrenstechnischen Bereich k\u00f6nnen wir eine reibungslose Inbetriebnahme Ihrer Anlage gew\u00e4hrleisten. Wir sind mit zahlreichen verfahrenstechnischen Abl\u00e4ufen vertraut. Technische Herausforderungen, die sich im Moment der Inbetriebnahme ergeben, l\u00f6sen wir meist bereits im Rahmen der Inbetriebnahme.<\/p>\n<\/div><\/div><\/div><div class=\"fusion-panel panel-default\" role=\"tabpanel\"><div class=\"panel-heading\"><h4 class=\"panel-title toggle\"><a aria-expanded=\"false\" aria-selected=\"false\" aria-controls=\"61b4de926050fa4f3\" role=\"tab\" data-toggle=\"collapse\" data-parent=\"#accordion-190-1\" data-target=\"#61b4de926050fa4f3\" href=\"#61b4de926050fa4f3\"><span class=\"fusion-toggle-icon-wrapper\" aria-hidden=\"true\"><i class=\"fa-fusion-box\" aria-hidden=\"true\"><\/i><\/span><span class=\"fusion-toggle-heading\">VIRTUELLER SERVICE<\/span><\/a><\/h4><\/div><div id=\"61b4de926050fa4f3\" class=\"panel-collapse collapse \"><div class=\"panel-body toggle-content fusion-clearfix\">\n<p>Wir verbinden uns mit Ihrer Anlage \u00fcber Fernwartung. So k\u00f6nnen wir \u00c4nderungen zeitnah vornehmen und Sie bei der St\u00f6rungsbehebung unterst\u00fctzen.<\/p>\n<\/div><\/div><\/div><div class=\"fusion-panel panel-default\" role=\"tabpanel\"><div class=\"panel-heading\"><h4 class=\"panel-title toggle\"><a aria-expanded=\"false\" aria-selected=\"false\" aria-controls=\"7f6902bb28281eaba\" role=\"tab\" data-toggle=\"collapse\" data-parent=\"#accordion-190-1\" data-target=\"#7f6902bb28281eaba\" href=\"#7f6902bb28281eaba\"><span class=\"fusion-toggle-icon-wrapper\" aria-hidden=\"true\"><i class=\"fa-fusion-box\" aria-hidden=\"true\"><\/i><\/span><span class=\"fusion-toggle-heading\">VOR ORT - SERVICE<\/span><\/a><\/h4><\/div><div id=\"7f6902bb28281eaba\" class=\"panel-collapse collapse \"><div class=\"panel-body toggle-content fusion-clearfix\"><\/div><\/div><\/div><div class=\"fusion-panel panel-default\" role=\"tabpanel\"><div class=\"panel-heading\"><h4 class=\"panel-title toggle\"><a aria-expanded=\"false\" aria-selected=\"false\" aria-controls=\"fa55a913264ff31e8\" role=\"tab\" data-toggle=\"collapse\" data-parent=\"#accordion-190-1\" data-target=\"#fa55a913264ff31e8\" href=\"#fa55a913264ff31e8\"><span class=\"fusion-toggle-icon-wrapper\" aria-hidden=\"true\"><i class=\"fa-fusion-box\" aria-hidden=\"true\"><\/i><\/span><span class=\"fusion-toggle-heading\">RETROFIT<\/span><\/a><\/h4><\/div><div id=\"fa55a913264ff31e8\" class=\"panel-collapse collapse \"><div class=\"panel-body toggle-content fusion-clearfix\">\n<p>Durch unsere langj\u00e4hrige Erfahrung k\u00f6nnen wir alte Maschinen und Anlagen Ihren heutigen Bed\u00fcrfnissen anpassen. Basierend auf einer tiefgr\u00fcndigen Analyse erstellen wir Ihnen ein individuelles Konzept, um Ihre Anlage auf den neuesten Stand zu bringen. Dabei stehen wir Ihnen auch bez\u00fcglich sicherheitstechnischer Fragen zu den geltenden Normen und Gesetzen zur Seite.<\/p>\n<\/div><\/div><\/div><\/div><\/div><\/div><\/div><style type=\"text\/css\">.fusion-body .fusion-builder-column-0{width:100% !important;margin-top : 0px;margin-bottom : 20px;}.fusion-builder-column-0 > .fusion-column-wrapper {padding-top : 0px !important;padding-right : 0px !important;margin-right : 0.98%;padding-bottom : 0px !important;padding-left : 0px !important;margin-left : 0.98%;}@media only screen and (max-width:1024px) {.fusion-body .fusion-builder-column-0{width:100% !important;order : 0;}.fusion-builder-column-0 > .fusion-column-wrapper {margin-right : 0.98%;margin-left : 0.98%;}}@media only screen and (max-width:640px) {.fusion-body .fusion-builder-column-0{width:100% !important;order : 0;}.fusion-builder-column-0 > .fusion-column-wrapper {margin-right : 0.98%;margin-left : 0.98%;}}<\/style><\/div><style type=\"text\/css\">.fusion-body .fusion-flex-container.fusion-builder-row-1{ padding-top : 0px;margin-top : 0px;padding-right : 0px;padding-bottom : 0px;margin-bottom : 0px;padding-left : 0px;}<\/style><\/div>\n","protected":false},"excerpt":{"rendered":"","protected":false},"author":1,"featured_media":0,"parent":0,"menu_order":0,"comment_status":"closed","ping_status":"closed","template":"","meta":[],"_links":{"self":[{"href":"https:\/\/www.grubertek.it\/de\/wp-json\/wp\/v2\/pages\/190"}],"collection":[{"href":"https:\/\/www.grubertek.it\/de\/wp-json\/wp\/v2\/pages"}],"about":[{"href":"https:\/\/www.grubertek.it\/de\/wp-json\/wp\/v2\/types\/page"}],"author":[{"embeddable":true,"href":"https:\/\/www.grubertek.it\/de\/wp-json\/wp\/v2\/users\/1"}],"replies":[{"embeddable":true,"href":"https:\/\/www.grubertek.it\/de\/wp-json\/wp\/v2\/comments?post=190"}],"version-history":[{"count":2,"href":"https:\/\/www.grubertek.it\/de\/wp-json\/wp\/v2\/pages\/190\/revisions"}],"predecessor-version":[{"id":192,"href":"https:\/\/www.grubertek.it\/de\/wp-json\/wp\/v2\/pages\/190\/revisions\/192"}],"wp:attachment":[{"href":"https:\/\/www.grubertek.it\/de\/wp-json\/wp\/v2\/media?parent=190"}],"curies":[{"name":"wp","href":"https:\/\/api.w.org\/{rel}","templated":true}]}}