{"id":177,"date":"2021-05-20T09:50:21","date_gmt":"2021-05-20T07:50:21","guid":{"rendered":"https:\/\/www.grubertek.it\/contatto"},"modified":"2021-06-01T08:43:15","modified_gmt":"2021-06-01T06:43:15","slug":"kontakt","status":"publish","type":"page","link":"https:\/\/www.grubertek.it\/de\/kontakt","title":{"rendered":"KONTAKT"},"content":{"rendered":"<div class=\"fusion-fullwidth fullwidth-box fusion-builder-row-1 fusion-flex-container nonhundred-percent-fullwidth non-hundred-percent-height-scrolling\" style=\"background-color: rgba(255,255,255,0);background-position: center center;background-repeat: no-repeat;border-width: 0px 0px 0px 0px;border-color:#e2e2e2;border-style:solid;\" ><div class=\"fusion-builder-row fusion-row fusion-flex-align-items-flex-start\" style=\"max-width:1326px;margin-left: calc(-2% \/ 2 );margin-right: calc(-2% \/ 2 );\"><div class=\"fusion-layout-column fusion_builder_column fusion-builder-column-0 fusion_builder_column_1_1 1_1 fusion-flex-column\"><div class=\"fusion-column-wrapper fusion-flex-justify-content-flex-start fusion-content-layout-column\" style=\"background-position:left top;background-repeat:no-repeat;-webkit-background-size:cover;-moz-background-size:cover;-o-background-size:cover;background-size:cover;padding: 0px 0px 0px 0px;\"><div class=\"fusion-text fusion-text-1\" style=\"transform:translate3d(0,0,0);\"><h3 style=\"text-align: center;\"><strong>grubertek Gmbh<\/strong><\/h3>\n<p style=\"text-align: center;\">M\u00fchlbachstra\u00dfe, 7 &#8211; 39010 Andrian (BZ) &#8211; IT<\/p>\n<p style=\"text-align: center;\">T. <a href=\"tel:+390471510232\">+39 0471 510232<\/a><\/p>\n<p style=\"text-align: center;\"><a href=\"mailto:info@grubertek.it\">info@grubertek.it<\/a><\/p>\n<\/div><\/div><\/div><style type=\"text\/css\">.fusion-body .fusion-builder-column-0{width:100% !important;margin-top : 0px;margin-bottom : 20px;}.fusion-builder-column-0 > .fusion-column-wrapper {padding-top : 0px !important;padding-right : 0px !important;margin-right : 0.98%;padding-bottom : 0px !important;padding-left : 0px !important;margin-left : 0.98%;}@media only screen and (max-width:1024px) {.fusion-body .fusion-builder-column-0{width:100% !important;order : 0;}.fusion-builder-column-0 > .fusion-column-wrapper {margin-right : 0.98%;margin-left : 0.98%;}}@media only screen and (max-width:640px) {.fusion-body .fusion-builder-column-0{width:100% !important;order : 0;}.fusion-builder-column-0 > .fusion-column-wrapper {margin-right : 0.98%;margin-left : 0.98%;}}<\/style><div class=\"fusion-layout-column fusion_builder_column fusion-builder-column-1 fusion_builder_column_1_2 1_2 fusion-flex-column fusion-flex-align-self-flex-start\"><div class=\"fusion-column-wrapper fusion-flex-justify-content-flex-start fusion-content-layout-column\" style=\"background-position:left top;background-repeat:no-repeat;-webkit-background-size:cover;-moz-background-size:cover;-o-background-size:cover;background-size:cover;padding: 0px 0px 0px 0px;\"><div class=\"fusion-text fusion-text-2\" style=\"transform:translate3d(0,0,0);\"><div id=\"quform-1cc080\" class=\"quform quform-2 quform-support-page-caching\"><form id=\"quform-form-1cc080\" class=\"quform-form quform-form-2\" action=\"\/de\/wp-json\/wp\/v2\/pages\/177#quform-1cc080\" method=\"post\" enctype=\"multipart\/form-data\" novalidate=\"novalidate\" data-options=\"{&quot;id&quot;:2,&quot;uniqueId&quot;:&quot;1cc080&quot;,&quot;theme&quot;:&quot;&quot;,&quot;ajax&quot;:true,&quot;logic&quot;:{&quot;logic&quot;:[],&quot;dependents&quot;:[],&quot;elementIds&quot;:[],&quot;dependentElementIds&quot;:[],&quot;animate&quot;:true},&quot;currentPageId&quot;:1,&quot;errorsIcon&quot;:&quot;&quot;,&quot;updateFancybox&quot;:true,&quot;hasPages&quot;:false,&quot;pages&quot;:[1],&quot;pageProgressType&quot;:&quot;numbers&quot;,&quot;tooltipsEnabled&quot;:true,&quot;tooltipClasses&quot;:&quot;qtip-quform-dark qtip-shadow&quot;,&quot;tooltipMy&quot;:&quot;left center&quot;,&quot;tooltipAt&quot;:&quot;right center&quot;,&quot;isRtl&quot;:false,&quot;scrollOffset&quot;:-50,&quot;scrollSpeed&quot;:800}\"><button class=\"quform-default-submit\" name=\"quform_submit\" type=\"submit\" value=\"submit\" aria-hidden=\"true\" tabindex=\"-1\"><\/button><div class=\"quform-form-inner quform-form-inner-2\"><input type=\"hidden\" name=\"quform_form_id\" value=\"2\" \/><input type=\"hidden\" name=\"quform_form_uid\" value=\"1cc080\" \/><input type=\"hidden\" name=\"quform_count\" value=\"1\" \/><input type=\"hidden\" name=\"form_url\" value=\"https:\/\/www.grubertek.it\/de\/wp-json\/wp\/v2\/pages\/177\" \/><input type=\"hidden\" name=\"referring_url\" value=\"\" \/><input type=\"hidden\" name=\"post_id\" value=\"\" \/><input type=\"hidden\" name=\"post_title\" value=\"\" \/><input type=\"hidden\" name=\"quform_current_page_id\" value=\"1\" \/><input type=\"hidden\" name=\"quform_csrf_token\" value=\"wttJL4AEX0GTgx8cXiKtaPirdR29uzmONTwVXNuT\" \/><div class=\"quform-elements quform-elements-2 quform-cf quform-responsive-elements-phone-landscape\"><div class=\"quform-element quform-element-page quform-page-1 quform-page-2_1 quform-cf quform-group-style-plain quform-first-page quform-last-page quform-current-page\"><div class=\"quform-child-elements\"><div class=\"quform-element quform-element-name quform-element-2_3 quform-cf quform-element-optional\"><div class=\"quform-spacer\"><div class=\"quform-inner quform-inner-name quform-inner-2_3\"><div class=\"quform-input quform-input-name quform-input-2_3 quform-cf\"><div class=\"quform-element-row quform-1-columns quform-element-row-size-fixed quform-responsive-columns-phone-landscape\"><div class=\"quform-element-column\"><div class=\"quform-element quform-element-text quform-element-2_3_4 quform-cf quform-element-optional\"><div class=\"quform-spacer\"><div class=\"quform-inner quform-inner-text quform-inner-2_3_4\"><div class=\"quform-input quform-input-text quform-input-2_3_4 quform-cf\"><input type=\"text\" id=\"quform_2_3_4_1cc080\" name=\"quform_2_3[4]\" class=\"quform-field quform-field-text quform-field-2_3_4\" placeholder=\"Vorname und Nachname\" \/><\/div><\/div><\/div><\/div><\/div><\/div><\/div><\/div><\/div><\/div><div class=\"quform-element quform-element-text quform-element-2_4 quform-cf quform-element-optional\"><div class=\"quform-spacer\"><div class=\"quform-inner quform-inner-text quform-inner-2_4\"><div class=\"quform-input quform-input-text quform-input-2_4 quform-cf\"><input type=\"text\" id=\"quform_2_4_1cc080\" name=\"quform_2_4\" class=\"quform-field quform-field-text quform-field-2_4\" placeholder=\"E-mail Adresse\" \/><\/div><\/div><\/div><\/div><div class=\"quform-element quform-element-text quform-element-2_5 quform-cf quform-element-optional\"><div class=\"quform-spacer\"><div class=\"quform-inner quform-inner-text quform-inner-2_5\"><div class=\"quform-input quform-input-text quform-input-2_5 quform-cf\"><input type=\"text\" id=\"quform_2_5_1cc080\" name=\"quform_2_5\" class=\"quform-field quform-field-text quform-field-2_5\" placeholder=\"Telefon\" \/><\/div><\/div><\/div><\/div><div class=\"quform-element quform-element-textarea quform-element-2_6 quform-cf quform-element-optional\"><div class=\"quform-spacer\"><div class=\"quform-inner quform-inner-textarea quform-inner-2_6\"><div class=\"quform-input quform-input-textarea quform-input-2_6 quform-cf\"><textarea id=\"quform_2_6_1cc080\" name=\"quform_2_6\" class=\"quform-field quform-field-textarea quform-field-2_6\" placeholder=\"Nachricht\"><\/textarea><\/div><\/div><\/div><\/div><div class=\"quform-element quform-element-checkbox quform-element-2_9 quform-cf quform-element-optional\"><div class=\"quform-spacer\"><div class=\"quform-label quform-label-2_9\"><label class=\"quform-label-text\" id=\"quform_2_9_1cc080_label\">Privacy<\/label><\/div><div class=\"quform-inner quform-inner-checkbox quform-inner-2_9\"><div class=\"quform-input quform-input-checkbox quform-input-2_9 quform-cf\"><div class=\"quform-options quform-cf quform-options-block quform-options-simple\" role=\"group\" aria-labelledby=\"quform_2_9_1cc080_label\"><div class=\"quform-option\"><input type=\"checkbox\" name=\"quform_2_9[]\" id=\"quform_2_9_1cc080_1\" class=\"quform-field quform-field-checkbox quform-field-2_9 quform-field-2_9_1\" value=\"Ja, ich genehmige die Verarbeitung meiner pers\u00f6nlichen Daten, die gem\u00e4\u00df D. Lgs. n. 196 vom 30. Juni 2003 und GDPR (EU-Verordnung 2016\/679) gesch\u00fctzt sind\" \/><label for=\"quform_2_9_1cc080_1\" class=\"quform-option-label quform-option-label-2_9_1\"><span class=\"quform-option-text\">Ja, ich genehmige die Verarbeitung meiner pers\u00f6nlichen Daten, die gem\u00e4\u00df D. Lgs. n. 196 vom 30. Juni 2003 und GDPR (EU-Verordnung 2016\/679) gesch\u00fctzt sind<\/span><\/label><\/div><\/div><\/div><p class=\"quform-description quform-description-below\"><a href=\"https:\/\/www.grubertek.it\/privacy-policy?lang=de\">Mitteilung zum Datenschutz<\/a><\/p><\/div><\/div><\/div><div class=\"quform-element quform-element-captcha quform-element-2_10 quform-cf quform-element-required\"><div class=\"quform-spacer\"><div class=\"quform-label quform-label-2_10\"><label class=\"quform-label-text\" for=\"quform_2_10_1cc080\">Bitte geben Sie die Zeichen ein<span class=\"quform-required\">*<\/span><\/label><\/div><div class=\"quform-inner quform-inner-captcha quform-inner-2_10\"><div class=\"quform-input quform-input-captcha quform-input-2_10 quform-cf\"><input type=\"text\" id=\"quform_2_10_1cc080\" name=\"quform_2_10\" class=\"quform-field quform-field-captcha quform-field-2_10\" \/><\/div><div class=\"quform-captcha quform-cf\"><div class=\"quform-captcha-image quform-captcha-image-2_10\"><img class=\"quform-captcha-image-img\" src=\"data:image\/png;base64,iVBORw0KGgoAAAANSUhEUgAAAOYAAABQBAMAAAD\/1xTgAAAAG1BMVEX\/\/\/8iIiLj4+N0dHSQkJCsrKxZWVk9PT3Hx8dBXA58AAAACXBIWXMAAA7EAAAOxAGVKw4bAAADz0lEQVRoge1Yz1vaQBCNC4EcOwWTHoOKegSt2KNBUY\/Qgu2RqKXXpn794Eha2vpnd2c2mw3hR1LTL6e8gyIs+2bfvJ2ZqGkFChQoUCCOZmf68D5fyhtAdPOk\/EiUYM3zozyEAK9zo2QegNm7xJ+5cR4B1G1N0\/lB53lxemDZ+HsAMM6JsiSpKgCvcuJsANj0Qs\/PRI60To6cbbBEMSin1bbZucjI6Uq\/VtJ5qHkOsJuRs805W\/jCB+gnrj7AEKGekZNfETofLw1WwlJmG6JgfcvIWeV7XGhUGrZbiH3wzH1kNG8zUqJdsSZgBZxvWWZcI90Igggz4jecaJTNbYqVhKj9IUAtO6WAnrCXT5TfcV3WZIZok2nvHu2tnLuY\/WRzpwNvofdko9mGBSXrLd6SlpNo7vXY79mxd7iB8MrhVQ0+Yqe9eWwRNjvLgzcv4myDGRt9fDGXeLI8UFGqL66WL4WYJ8Yv4vTihUQnZUUZ\/CreCnw609jzPFzngBKCwPZszRiNom9tAN\/a+mJF7OIHrcUHLyzzQypy8IsHeCLXGShExEL84DWsEmYyqSFGSzM8gBecjl05qrXwfnMleFWt4IpDLRorAIaRJseBcLI7cGmfz+EJZ2pXaosv+1SjOpEtq0JviSMLbXXqLgu+HlVYir8CJmXq8cfPSGHzTFKgxSMM58EBxGrfAP9irnTeFnBNuuwm9EsDFKwwYvKZa9GJwzjAXE6fT6saKZq9Q2q5UjM\/whnKyEh6OqwjOfkkMf5DSWG2\/CqyVVIMNS7JU5U3JsKpHh8Moqci3JacNK5hGiYq3LGG\/kg0ERM5L0lOvpV1a+8Nz6dP6iLoGDtTAmtEXg8ujGwIPmUyBacuamZFGncH1hTuMqpmKIHp6OiATnQ6aQTnTByQggPuyCzg1VkxQQn315XAFCQM3+kiBxdRznIyZ1VIMZC+5VqvmqCCu5WVwPQFXgEWaNwzW\/tHTmE2nh15q1afVNiEPo0IrLFLOmHXi45DKTkN2xEMXljTdE9dS4EydZDFnRI4cLdls+i6HdJKTxo+Xd4D0TFcURXHPLaIZso6ynhiNIUsZJ2H2MJ0nOSBLh1l2yPu8bDjzagT8EZex1LM7+VjPLSA00jDiXNUJTnxnBdqbtA09bMVRo01YDbSFpdgTe63bXRHspU+H6V6CjvuH3qwafIV8d9D5MJugIEPOY4aCZJ5h2frP6hGOJMq0YHbQsXMrP+FKk+nk8mpveiNPj3bycupE75sbHwx2HV8nsoDPK05nxNxkOs\/+AoUKFCgQIECBQoU+G\/4C\/FcnehcHcUhAAAAAElFTkSuQmCC\" alt=\"CAPTCHA image\" data-element-id=\"10\" width=\"115\" height=\"40\" \/><\/div><\/div><p class=\"quform-description quform-description-below\">Dies hilft uns, Spam zu verhindern, vielen Dank.<\/p><\/div><\/div><\/div><div class=\"quform-element quform-element-submit quform-element-2_2 quform-cf quform-button-style-theme quform-button-size-medium quform-button-width-medium\"><div class=\"quform-button-submit quform-button-submit-default quform-button-submit-2_2\" data-animation=\"one\"><button name=\"quform_submit\" type=\"submit\" class=\"quform-submit\" value=\"submit\"><span class=\"quform-button-text quform-button-submit-text\">ABSENDEN<\/span><\/button><\/div><div class=\"quform-loading quform-loading-position-left quform-loading-type-spinner-1\"><div class=\"quform-loading-inner\"><div class=\"quform-loading-spinner\"><div class=\"quform-loading-spinner-inner\"><\/div><\/div><\/div><\/div><\/div><div class=\"quform-element-tree\"><label for=\"quform_2_0_1cc080\">Dieses Feld sollte nicht ausgef\u00fcllt werden<\/label><input type=\"text\" id=\"quform_2_0_1cc080\" name=\"quform_2_0\" class=\"quform-field quform-field-tree quform-field-2_0\" tabindex=\"-1\" autocomplete=\"off\" \/><\/div><\/div><\/div><\/div><\/div><\/form><\/div>\n<\/div><\/div><\/div><style type=\"text\/css\">.fusion-body .fusion-builder-column-1{width:50% !important;margin-top : 0px;margin-bottom : 20px;}.fusion-builder-column-1 > .fusion-column-wrapper {padding-top : 0px !important;padding-right : 0px !important;margin-right : 1.96%;padding-bottom : 0px !important;padding-left : 0px !important;margin-left : 1.96%;}@media only screen and (max-width:1024px) {.fusion-body .fusion-builder-column-1{width:50% !important;order : 0;}.fusion-builder-column-1 > .fusion-column-wrapper {margin-right : 1.96%;margin-left : 1.96%;}}@media only screen and (max-width:640px) {.fusion-body .fusion-builder-column-1{width:100% !important;order : 0;}.fusion-builder-column-1 > .fusion-column-wrapper {margin-right : 0.98%;margin-left : 0.98%;}}<\/style><div class=\"fusion-layout-column fusion_builder_column fusion-builder-column-2 fusion_builder_column_1_2 1_2 fusion-flex-column\"><div class=\"fusion-column-wrapper fusion-flex-justify-content-flex-start fusion-content-layout-column\" style=\"background-position:left top;background-repeat:no-repeat;-webkit-background-size:cover;-moz-background-size:cover;-o-background-size:cover;background-size:cover;padding: 0px 0px 0px 0px;\">\t\t\t\t\t<script type=\"text\/javascript\">\n\t\t\t\t\t\tvar map_fusion_map_69f5b3d91bc24;\n\t\t\t\t\t\tvar markers = [];\n\t\t\t\t\t\tvar counter = 0;\n\t\t\t\t\t\t\t\t\t\t\t\t\t\t\t\t\t\t\t\tvar fusionMapNonce = 'e6fa2b5146';\n\t\t\t\t\t\t\t\t\t\t\t\tfunction fusion_run_map_fusion_map_69f5b3d91bc24() {\n\t\t\t\t\t\t\tjQuery('#fusion_map_69f5b3d91bc24').fusion_maps({\n\t\t\t\t\t\t\t\taddresses: [{\"address\":\"46.5150705,11.2242274\",\"infobox_content\":\"\",\"coordinates\":true,\"latitude\":\"46.5150705\",\"longitude\":\"11.2242274\",\"cache\":true,\"geocoded_address\":\"46.5150705,11.2242274\"}],\n\t\t\t\t\t\t\t\tanimations: true,\n\t\t\t\t\t\t\t\tinfobox_background_color: '',\n\t\t\t\t\t\t\t\tinfobox_styling: 'default',\n\t\t\t\t\t\t\t\tinfobox_text_color: '',\n\t\t\t\t\t\t\t\tmap_style: 'default',\n\t\t\t\t\t\t\t\tmap_type: 'roadmap',\n\t\t\t\t\t\t\t\tmarker_icon: '',\n\t\t\t\t\t\t\t\toverlay_color: '',\n\t\t\t\t\t\t\t\toverlay_color_hsl: {\"hue\":0,\"sat\":0,\"lum\":100},\n\t\t\t\t\t\t\t\tpan_control: true,\n\t\t\t\t\t\t\t\tshow_address: false,\n\t\t\t\t\t\t\t\tscale_control: true,\n\t\t\t\t\t\t\t\tscrollwheel: false,\n\t\t\t\t\t\t\t\tzoom: 16,\n\t\t\t\t\t\t\t\tzoom_control: true,\n\t\t\t\t\t\t\t});\n\t\t\t\t\t\t}\n\n\t\t\t\t\t\tgoogle.maps.event.addDomListener(window, 'load', fusion_run_map_fusion_map_69f5b3d91bc24);\n\t\t\t\t\t<\/script>\n\t\t\t\t\t<div class=\"shortcode-map fusion-google-map fusion-maps-js-type\" id=\"fusion_map_69f5b3d91bc24\" style=\"height:750px;width:100%;\"><\/div><\/div><\/div><style type=\"text\/css\">.fusion-body .fusion-builder-column-2{width:50% !important;margin-top : 0px;margin-bottom : 20px;}.fusion-builder-column-2 > .fusion-column-wrapper {padding-top : 0px !important;padding-right : 0px !important;margin-right : 1.96%;padding-bottom : 0px !important;padding-left : 0px !important;margin-left : 1.96%;}@media only screen and (max-width:1024px) {.fusion-body .fusion-builder-column-2{width:50% !important;order : 0;}.fusion-builder-column-2 > .fusion-column-wrapper {margin-right : 1.96%;margin-left : 1.96%;}}@media only screen and (max-width:640px) {.fusion-body .fusion-builder-column-2{width:100% !important;order : 0;}.fusion-builder-column-2 > .fusion-column-wrapper {margin-right : 0.98%;margin-left : 0.98%;}}<\/style><\/div><style type=\"text\/css\">.fusion-body .fusion-flex-container.fusion-builder-row-1{ padding-top : 0px;margin-top : 0px;padding-right : 0px;padding-bottom : 0px;margin-bottom : 0px;padding-left : 0px;}<\/style><\/div>\n","protected":false},"excerpt":{"rendered":"","protected":false},"author":1,"featured_media":0,"parent":0,"menu_order":0,"comment_status":"closed","ping_status":"closed","template":"","meta":[],"_links":{"self":[{"href":"https:\/\/www.grubertek.it\/de\/wp-json\/wp\/v2\/pages\/177"}],"collection":[{"href":"https:\/\/www.grubertek.it\/de\/wp-json\/wp\/v2\/pages"}],"about":[{"href":"https:\/\/www.grubertek.it\/de\/wp-json\/wp\/v2\/types\/page"}],"author":[{"embeddable":true,"href":"https:\/\/www.grubertek.it\/de\/wp-json\/wp\/v2\/users\/1"}],"replies":[{"embeddable":true,"href":"https:\/\/www.grubertek.it\/de\/wp-json\/wp\/v2\/comments?post=177"}],"version-history":[{"count":6,"href":"https:\/\/www.grubertek.it\/de\/wp-json\/wp\/v2\/pages\/177\/revisions"}],"predecessor-version":[{"id":223,"href":"https:\/\/www.grubertek.it\/de\/wp-json\/wp\/v2\/pages\/177\/revisions\/223"}],"wp:attachment":[{"href":"https:\/\/www.grubertek.it\/de\/wp-json\/wp\/v2\/media?parent=177"}],"curies":[{"name":"wp","href":"https:\/\/api.w.org\/{rel}","templated":true}]}}